{"id":3,"date":"2026-02-03T15:41:53","date_gmt":"2026-02-03T15:41:53","guid":{"rendered":"https:\/\/morrisonwagner.wpenginepowered.com\/?page_id=3"},"modified":"2026-03-27T09:41:30","modified_gmt":"2026-03-27T09:41:30","slug":"politica-de-privacidad","status":"publish","type":"page","link":"https:\/\/morrisonwagner.com\/es\/privacy-policy\/","title":{"rendered":"Pol\u00edtica de Privacidad"},"content":{"rendered":"<div data-elementor-type=\"wp-page\" data-elementor-id=\"3\" class=\"elementor elementor-3\" data-elementor-post-type=\"page\">\n\t\t\t\t<div class=\"elementor-element elementor-element-215a226 e-flex e-con-boxed e-con e-parent\" data-id=\"215a226\" data-element_type=\"container\" data-e-type=\"container\" data-settings=\"{&quot;background_background&quot;:&quot;classic&quot;}\">\n\t\t\t\t\t<div class=\"e-con-inner\">\n\t\t<div class=\"elementor-element elementor-element-b08cb02 e-con-full e-flex e-con e-child\" data-id=\"b08cb02\" data-element_type=\"container\" data-e-type=\"container\">\n\t\t\t\t<\/div>\n\t\t\t\t\t<\/div>\n\t\t\t\t<\/div>\n\t\t<div class=\"elementor-element elementor-element-425c065a e-flex e-con-boxed e-con e-parent\" data-id=\"425c065a\" data-element_type=\"container\" data-e-type=\"container\">\n\t\t\t\t\t<div class=\"e-con-inner\">\n\t\t\t\t<div class=\"elementor-element elementor-element-7f02424c elementor-widget elementor-widget-text-editor\" data-id=\"7f02424c\" data-element_type=\"widget\" data-e-type=\"widget\" data-widget_type=\"text-editor.default\">\n\t\t\t\t\t\t\t\t\t\n<h2 class=\"wp-block-heading\">Pol\u00edtica de Protecci\u00f3n de Datos (RGPD)<\/h2>\n<h4>Morrison &amp; Wagner, LLP respeta y protege la privacidad de sus usuarios.<\/h4>\n<h2>Definiciones<\/h2>\n<table>\n<tbody>\n<tr>\n<td>Negocios<\/td>\n<td>significa Morrison &amp; Wagner, LLP, una entidad empresarial registrada en EE. UU.<\/td>\n<\/tr>\n<tr>\n<td>RGPD<\/td>\n<td>significa el Reglamento General de Protecci\u00f3n de Datos.<\/td>\n<\/tr>\n<tr>\n<td>Registro de Sistemas<\/td>\n<td>significa un registro de todos los sistemas o contextos en los que la empresa procesa datos personales.<\/td>\n<\/tr>\n<\/tbody>\n<\/table>\n<h3>1. Principios de protecci\u00f3n de datos<\/h3>\n<p>La empresa se compromete a procesar datos de acuerdo con sus responsabilidades bajo el RGPD.<\/p>\n<p>El Art\u00edculo 5 del RGPD exige que los datos personales sean:<\/p>\n<ol>\n<li>procesados l\u00edcita, leal y transparentemente en relaci\u00f3n con las personas;<\/li>\n<li>recopilados para fines determinados, expl\u00edcitos y leg\u00edtimos y no ser\u00e1n tratados ulteriormente de manera incompatible con dichos fines; ulteriores tratamientos con fines de archivo en inter\u00e9s p\u00fablico, fines de investigaci\u00f3n cient\u00edfica o hist\u00f3rica o fines estad\u00edsticos no se considerar\u00e1n incompatibles con los fines iniciales;<\/li>\n<li>adecuados, pertinentes y limitados a lo necesario en relaci\u00f3n con los fines para los que son tratados;<\/li>\n<li>exactos y, cuando sea necesario, se mantendr\u00e1n actualizados; se adoptar\u00e1n todas las medidas razonables para garantizar que los datos personales inexactos, en atenci\u00f3n a los fines para los que se traten, se supriman o rectifiquen sin dilaci\u00f3n;<\/li>\n<li>se conservar\u00e1n en forma que permita la identificaci\u00f3n de los interesados durante no m\u00e1s tiempo del necesario para los fines del tratamiento de los datos personales; los datos personales podr\u00e1n conservarse por per\u00edodos m\u00e1s largos en la medida en que se traten exclusivamente con fines de archivo en inter\u00e9s p\u00fablico, fines de investigaci\u00f3n cient\u00edfica o hist\u00f3rica o fines estad\u00edsticos, a condici\u00f3n de que se apliquen las medidas t\u00e9cnicas y organizativas apropiadas para salvaguardar los derechos y libertades de los interesados, seg\u00fan lo exija el RGPD; y<\/li>\n<li>procesados de manera que se garantice la seguridad adecuada de los datos personales, incluida la protecci\u00f3n contra el tratamiento no autorizado o il\u00edcito y contra la p\u00e9rdida, destrucci\u00f3n o da\u00f1o accidentales, mediante la aplicaci\u00f3n de medidas t\u00e9cnicas u organizativas apropiadas.\u201d<\/li>\n<\/ol>\n<h3>2. Disposiciones generales<\/h3>\n<ol>\n<li>Esta pol\u00edtica se aplica a todos los datos personales procesados por la Empresa.<\/li>\n<li>La Persona Responsable asumir\u00e1 la responsabilidad del cumplimiento continuo de la Empresa con esta pol\u00edtica.<\/li>\n<li>Esta pol\u00edtica ser\u00e1 revisada al menos anualmente.<\/li>\n<li>La Empresa se registrar\u00e1 ante el gobierno de los Estados Unidos como una empresa que procesa datos personales.<\/li>\n<\/ol>\n<h3>3. Tratamiento l\u00edcito, leal y transparente<\/h3>\n<ol>\n<li>Para garantizar que su procesamiento de datos sea l\u00edcito, justo y transparente, la Empresa mantendr\u00e1 un Registro de Sistemas.<\/li>\n<li>El Registro de Sistemas se revisar\u00e1 al menos anualmente.<\/li>\n<li>Las personas tienen derecho a acceder a sus datos personales y cualquier solicitud realizada al Negocio se gestionar\u00e1 de manera oportuna.<\/li>\n<\/ol>\n<h3>4. Prop\u00f3sitos leg\u00edtimos<\/h3>\n<ol>\n<li>Todos los datos procesados por la Empresa se realizar\u00e1n sobre una de las siguientes bases legales: consentimiento, contrato, obligaci\u00f3n legal, intereses vitales, tarea p\u00fablica o intereses leg\u00edtimos.<a href=\"https:\/\/ico.org.uk\/for-organisations\/guide-to-the-general-data-protection-regulation-gdpr\/lawful-basis-for-processing\/\">Consulte la gu\u00eda de la ICO para obtener m\u00e1s informaci\u00f3n.<\/a>).<\/li>\n<li>El Negocio deber\u00e1 registrar la base legal apropiada en el Registro de Sistemas.<\/li>\n<li>Donde el consentimiento se basa como base legal para el procesamiento de datos, se guardar\u00e1 evidencia del consentimiento expl\u00edcito junto con los datos personales.<\/li>\n<li>Donde las comunicaciones se env\u00edan a las personas bas\u00e1ndose en su consentimiento, la opci\u00f3n para que la persona revoque su consentimiento debe estar claramente disponible y deben existir sistemas para garantizar que dicha revocaci\u00f3n se refleje con precisi\u00f3n en los sistemas de la Empresa.<\/li>\n<\/ol>\n<h3>5. Minimizaci\u00f3n de datos<\/h3>\n<ol>\n<li>La Empresa garantizar\u00e1 que los datos personales sean adecuados, pertinentes y limitados a lo necesario en relaci\u00f3n con las finalidades para las que son tratados.<\/li>\n<li>El Negocio no almacena ninguna informaci\u00f3n financiera de los usuarios en sus propios servidores. Toda la informaci\u00f3n financiera es procesada por los procesadores de tarjetas de cr\u00e9dito de terceros, los cuales cuentan con medidas de seguridad para proteger la p\u00e9rdida, el uso indebido y la alteraci\u00f3n de la informaci\u00f3n bajo su control. Toda la informaci\u00f3n de las tarjetas de cr\u00e9dito se recopila utilizando SSL Secure Sockets Layer, que cifra toda la informaci\u00f3n enviada a los servidores del proveedor.<\/li>\n<\/ol>\n<h3>6. Precisi\u00f3n<\/h3>\n<ol>\n<li>La Empresa tomar\u00e1 medidas razonables para garantizar que los datos personales sean precisos.<\/li>\n<li>Donde sea necesario para la base legal sobre la cual se procesan los datos, se tomar\u00e1n medidas para garantizar que los datos personales se mantengan actualizados.<\/li>\n<\/ol>\n<h3>7. Archivado \/ eliminaci\u00f3n<\/h3>\n<ol>\n<li>Para garantizar que los datos personales no se conserven m\u00e1s tiempo del necesario, la Empresa establecer\u00e1 una pol\u00edtica de archivo para cada \u00e1rea en la que se procesen datos personales y revisar\u00e1 este proceso anualmente.<\/li>\n<li>La pol\u00edtica de archivo considerar\u00e1 qu\u00e9 datos deben\/deben conservarse, durante cu\u00e1nto tiempo y por qu\u00e9.<\/li>\n<\/ol>\n<h3>8. Seguridad<\/h3>\n<ol>\n<li>La Empresa garantizar\u00e1 que los datos personales se almacenen de forma segura utilizando software moderno que se mantenga actualizado.<\/li>\n<li>El acceso a los datos personales se limitar\u00e1 al personal que necesite acceso y se deber\u00e1n implementar medidas de seguridad apropiadas para evitar el intercambio no autorizado de informaci\u00f3n.<\/li>\n<li>Cuando se eliminan datos personales, esto debe hacerse de forma segura y de manera que los datos sean irrecuperables.<\/li>\n<li>Se implementar\u00e1n soluciones apropiadas de respaldo y recuperaci\u00f3n ante desastres.<\/li>\n<\/ol>\n<h3>9. Incumplimiento<\/h3>\n<p>En caso de una violaci\u00f3n de seguridad que resulte en la destrucci\u00f3n, p\u00e9rdida, alteraci\u00f3n, divulgaci\u00f3n no autorizada o acceso a datos personales de forma accidental o il\u00edcita, la Empresa evaluar\u00e1 r\u00e1pidamente el riesgo para los derechos y libertades de las personas y, si procede, informar\u00e1 de esta violaci\u00f3n a la ICO.<a href=\"https:\/\/ico.org.uk\/for-organisations\/guide-to-the-general-data-protection-regulation-gdpr\/personal-data-breaches\/\">m\u00e1s informaci\u00f3n en el sitio web de ICO<\/a>).<\/p>\t\t\t\t\t\t\t\t<\/div>\n\t\t\t\t\t<\/div>\n\t\t\t\t<\/div>\n\t\t\t\t<\/div>","protected":false},"excerpt":{"rendered":"<p>Data Protection Policy (GDPR) Morrison &amp; Wagner, LLP respects and protects the privacy of its users. Definitions Business means Morrison &amp; Wagner, LLP, a registered USA Business entity. GDPR means the General Data Protection Regulation. Register of Systems means a register of all systems or contexts in which personal data is processed by the Business. [&hellip;]<\/p>\n","protected":false},"author":1,"featured_media":0,"parent":0,"menu_order":0,"comment_status":"closed","ping_status":"closed","template":"elementor_header_footer","meta":{"_acf_changed":false,"footnotes":""},"class_list":["post-3","page","type-page","status-publish","hentry"],"acf":[],"yoast_head":"<!-- This site is optimized with the Yoast SEO plugin v27.5 - https:\/\/yoast.com\/product\/yoast-seo-wordpress\/ -->\n<title>Privacy Policy - Morrison &amp; Wagner<\/title>\n<meta name=\"robots\" content=\"index, follow, max-snippet:-1, max-image-preview:large, max-video-preview:-1\" \/>\n<link rel=\"canonical\" href=\"https:\/\/morrisonwagner.com\/es\/politica-de-privacidad\/\" \/>\n<meta property=\"og:locale\" content=\"es_ES\" \/>\n<meta property=\"og:type\" content=\"article\" \/>\n<meta property=\"og:title\" content=\"Privacy Policy - Morrison &amp; Wagner\" \/>\n<meta property=\"og:description\" content=\"Data Protection Policy (GDPR) Morrison &amp; Wagner, LLP respects and protects the privacy of its users. Definitions Business means Morrison &amp; Wagner, LLP, a registered USA Business entity. GDPR means the General Data Protection Regulation. Register of Systems means a register of all systems or contexts in which personal data is processed by the Business. [&hellip;]\" \/>\n<meta property=\"og:url\" content=\"https:\/\/morrisonwagner.com\/es\/politica-de-privacidad\/\" \/>\n<meta property=\"og:site_name\" content=\"Morrison &amp; Wagner\" \/>\n<meta property=\"article:modified_time\" content=\"2026-03-27T09:41:30+00:00\" \/>\n<meta name=\"twitter:card\" content=\"summary_large_image\" \/>\n<meta name=\"twitter:label1\" content=\"Est. reading time\" \/>\n\t<meta name=\"twitter:data1\" content=\"4 minutos\" \/>\n<script type=\"application\/ld+json\" class=\"yoast-schema-graph\">{\"@context\":\"https:\\\/\\\/schema.org\",\"@graph\":[{\"@type\":\"WebPage\",\"@id\":\"https:\\\/\\\/morrisonwagner.com\\\/privacy-policy\\\/\",\"url\":\"https:\\\/\\\/morrisonwagner.com\\\/privacy-policy\\\/\",\"name\":\"Privacy Policy - Morrison &amp; Wagner\",\"isPartOf\":{\"@id\":\"https:\\\/\\\/morrisonwagner.com\\\/#website\"},\"datePublished\":\"2026-02-03T15:41:53+00:00\",\"dateModified\":\"2026-03-27T09:41:30+00:00\",\"breadcrumb\":{\"@id\":\"https:\\\/\\\/morrisonwagner.com\\\/privacy-policy\\\/#breadcrumb\"},\"inLanguage\":\"es\",\"potentialAction\":[{\"@type\":\"ReadAction\",\"target\":[\"https:\\\/\\\/morrisonwagner.com\\\/privacy-policy\\\/\"]}]},{\"@type\":\"BreadcrumbList\",\"@id\":\"https:\\\/\\\/morrisonwagner.com\\\/privacy-policy\\\/#breadcrumb\",\"itemListElement\":[{\"@type\":\"ListItem\",\"position\":1,\"name\":\"Home\",\"item\":\"https:\\\/\\\/morrisonwagner.com\\\/\"},{\"@type\":\"ListItem\",\"position\":2,\"name\":\"Privacy Policy\"}]},{\"@type\":\"WebSite\",\"@id\":\"https:\\\/\\\/morrisonwagner.com\\\/#website\",\"url\":\"https:\\\/\\\/morrisonwagner.com\\\/\",\"name\":\"Morrison &amp; Wagner\",\"description\":\"LLP NY Injury Lawyers\",\"potentialAction\":[{\"@type\":\"SearchAction\",\"target\":{\"@type\":\"EntryPoint\",\"urlTemplate\":\"https:\\\/\\\/morrisonwagner.com\\\/?s={search_term_string}\"},\"query-input\":{\"@type\":\"PropertyValueSpecification\",\"valueRequired\":true,\"valueName\":\"search_term_string\"}}],\"inLanguage\":\"es\"}]}<\/script>\n<!-- \/ Yoast SEO plugin. -->","yoast_head_json":{"title":"Pol\u00edtica de Privacidad - Morrison &amp; Wagner","robots":{"index":"index","follow":"follow","max-snippet":"max-snippet:-1","max-image-preview":"max-image-preview:large","max-video-preview":"max-video-preview:-1"},"canonical":"https:\/\/morrisonwagner.com\/es\/politica-de-privacidad\/","og_locale":"es_ES","og_type":"article","og_title":"Privacy Policy - Morrison &amp; Wagner","og_description":"Data Protection Policy (GDPR) Morrison &amp; Wagner, LLP respects and protects the privacy of its users. Definitions Business means Morrison &amp; Wagner, LLP, a registered USA Business entity. GDPR means the General Data Protection Regulation. Register of Systems means a register of all systems or contexts in which personal data is processed by the Business. [&hellip;]","og_url":"https:\/\/morrisonwagner.com\/es\/politica-de-privacidad\/","og_site_name":"Morrison &amp; Wagner","article_modified_time":"2026-03-27T09:41:30+00:00","twitter_card":"summary_large_image","twitter_misc":{"Est. reading time":"4 minutos"},"schema":{"@context":"https:\/\/schema.org","@graph":[{"@type":"WebPage","@id":"https:\/\/morrisonwagner.com\/privacy-policy\/","url":"https:\/\/morrisonwagner.com\/privacy-policy\/","name":"Pol\u00edtica de Privacidad - Morrison &amp; Wagner","isPartOf":{"@id":"https:\/\/morrisonwagner.com\/#website"},"datePublished":"2026-02-03T15:41:53+00:00","dateModified":"2026-03-27T09:41:30+00:00","breadcrumb":{"@id":"https:\/\/morrisonwagner.com\/privacy-policy\/#breadcrumb"},"inLanguage":"es","potentialAction":[{"@type":"ReadAction","target":["https:\/\/morrisonwagner.com\/privacy-policy\/"]}]},{"@type":"BreadcrumbList","@id":"https:\/\/morrisonwagner.com\/privacy-policy\/#breadcrumb","itemListElement":[{"@type":"ListItem","position":1,"name":"Home","item":"https:\/\/morrisonwagner.com\/"},{"@type":"ListItem","position":2,"name":"Privacy Policy"}]},{"@type":"WebSite","@id":"https:\/\/morrisonwagner.com\/#website","url":"https:\/\/morrisonwagner.com\/","name":"Morrison y Wagner","description":"Abogados Litigantes de Lesiones LLP NY","potentialAction":[{"@type":"SearchAction","target":{"@type":"EntryPoint","urlTemplate":"https:\/\/morrisonwagner.com\/?s={search_term_string}"},"query-input":{"@type":"PropertyValueSpecification","valueRequired":true,"valueName":"search_term_string"}}],"inLanguage":"es"}]}},"_links":{"self":[{"href":"https:\/\/morrisonwagner.com\/es\/wp-json\/wp\/v2\/pages\/3","targetHints":{"allow":["GET"]}}],"collection":[{"href":"https:\/\/morrisonwagner.com\/es\/wp-json\/wp\/v2\/pages"}],"about":[{"href":"https:\/\/morrisonwagner.com\/es\/wp-json\/wp\/v2\/types\/page"}],"author":[{"embeddable":true,"href":"https:\/\/morrisonwagner.com\/es\/wp-json\/wp\/v2\/users\/1"}],"replies":[{"embeddable":true,"href":"https:\/\/morrisonwagner.com\/es\/wp-json\/wp\/v2\/comments?post=3"}],"version-history":[{"count":0,"href":"https:\/\/morrisonwagner.com\/es\/wp-json\/wp\/v2\/pages\/3\/revisions"}],"wp:attachment":[{"href":"https:\/\/morrisonwagner.com\/es\/wp-json\/wp\/v2\/media?parent=3"}],"curies":[{"name":"wp","href":"https:\/\/api.w.org\/{rel}","templated":true}]}}